{"id":354,"date":"2020-06-09T15:55:28","date_gmt":"2020-06-09T15:55:28","guid":{"rendered":"https:\/\/lusitanaabogados.com\/?page_id=354"},"modified":"2020-06-22T06:45:29","modified_gmt":"2020-06-22T06:45:29","slug":"asuntos-civiles","status":"publish","type":"page","link":"https:\/\/lusitanaabogados.com\/index.php\/asuntos-civiles\/","title":{"rendered":"Asuntos civiles"},"content":{"rendered":"<p>[et_pb_section fb_built=\u00bb1&#8243; _builder_version=\u00bb4.3.4&#8243; background_image=\u00bbhttps:\/\/lusitanaabogados.com\/wp-content\/uploads\/2020\/06\/Cabecera-asuntos-civiles-scaled.jpg\u00bb border_width_top=\u00bb6px\u00bb border_color_top=\u00bb#94D7C8&#8243; locked=\u00bboff\u00bb][et_pb_row custom_padding_last_edited=\u00bbon|tablet\u00bb _builder_version=\u00bb4.3.4&#8243; custom_margin=\u00bb3%||||false|false\u00bb custom_margin_tablet=\u00bb3%||0px||false|false\u00bb custom_margin_phone=\u00bb0%||||false|false\u00bb custom_margin_last_edited=\u00bbon|tablet\u00bb custom_padding_tablet=\u00bb||0px||false|false\u00bb custom_padding_phone=\u00bb\u00bb][et_pb_column type=\u00bb4_4&#8243; _builder_version=\u00bb4.3.4&#8243;][et_pb_image src=\u00bbhttps:\/\/lusitanaabogados.com\/wp-content\/uploads\/2020\/06\/Grupo-66@2x.png\u00bb align=\u00bbcenter\u00bb _builder_version=\u00bb4.3.4&#8243; width=\u00bb9%\u00bb width_tablet=\u00bb13%\u00bb width_phone=\u00bb19%\u00bb width_last_edited=\u00bbon|tablet\u00bb][\/et_pb_image][et_pb_text _builder_version=\u00bb4.3.4&#8243; header_font=\u00bbPlayfair Display|700|||||||\u00bb header_text_color=\u00bb#ffffff\u00bb header_font_size=\u00bb50px\u00bb header_line_height=\u00bb1.2em\u00bb header_font_size_tablet=\u00bb\u00bb header_font_size_phone=\u00bb40px\u00bb header_font_size_last_edited=\u00bbon|phone\u00bb]<\/p>\n<h1 style=\"text-align: center;\">Asuntos civiles<\/h1>\n<p>[\/et_pb_text][\/et_pb_column][\/et_pb_row][et_pb_row _builder_version=\u00bb4.3.4&#8243;][et_pb_column type=\u00bb4_4&#8243; _builder_version=\u00bb4.3.4&#8243;][et_pb_button button_url=\u00bbhttps:\/\/lusitanaabogados.com\/index.php\/contacto\/\u00bb button_text=\u00bbHablemos\u00bb button_alignment=\u00bbcenter\u00bb _builder_version=\u00bb4.3.4&#8243; custom_button=\u00bbon\u00bb button_text_size=\u00bb19px\u00bb button_text_color=\u00bb#ffffff\u00bb button_bg_color=\u00bb#94D7C8&#8243; button_border_radius=\u00bb0px\u00bb button_icon=\u00bb%%3%%\u00bb custom_padding=\u00bb0.5%|4%|0.5%|4%|false|false\u00bb][\/et_pb_button][\/et_pb_column][\/et_pb_row][\/et_pb_section][et_pb_section fb_built=\u00bb1&#8243; specialty=\u00bbon\u00bb background_color_1=\u00bb#E2F7F2&#8243; background_color_2=\u00bbrgba(0,0,0,0)\u00bb use_background_color_gradient_1=\u00bboff\u00bb background_color_gradient_start_1=\u00bb#F7FFFD\u00bb background_color_gradient_end_1=\u00bbrgba(0,0,0,0)\u00bb background_color_gradient_direction_1=\u00bb360deg\u00bb disabled_on=\u00bbon|on|off\u00bb _builder_version=\u00bb4.3.4&#8243; use_background_color_gradient=\u00bbon\u00bb background_color_gradient_start=\u00bb#E2F7F2&#8243; background_color_gradient_end=\u00bbrgba(0,0,0,0)\u00bb background_color_gradient_direction=\u00bb90deg\u00bb background_color_gradient_start_position=\u00bb35%\u00bb background_color_gradient_end_position=\u00bb25%\u00bb custom_margin=\u00bb0px||0px||false|false\u00bb custom_padding=\u00bb0px||0px||false|false\u00bb locked=\u00bboff\u00bb][et_pb_column type=\u00bb1_3&#8243; _builder_version=\u00bb3.25&#8243; custom_padding=\u00bb|||\u00bb custom_padding__hover=\u00bb|||\u00bb][et_pb_text _builder_version=\u00bb4.3.4&#8243; text_font=\u00bbMontserrat||||||||\u00bb text_text_color=\u00bb#007077&#8243; text_font_size=\u00bb16px\u00bb custom_margin=\u00bb11%|10%|5%||false|false\u00bb custom_padding=\u00bb||2%||false|false\u00bb link_option_url=\u00bb#arrendamientos\u00bb border_width_bottom=\u00bb2px\u00bb border_color_bottom=\u00bb#94D7C8&#8243;]<\/p>\n<p><strong>Arrendamientos<\/strong><\/p>\n<p>[\/et_pb_text][et_pb_text _builder_version=\u00bb4.3.4&#8243; text_font=\u00bbMontserrat||||||||\u00bb text_text_color=\u00bb#007077&#8243; text_font_size=\u00bb16px\u00bb custom_margin=\u00bb0px|10%|190%||false|false\u00bb custom_padding=\u00bb||2%||false|false\u00bb link_option_url=\u00bb#contratos\u00bb border_width_bottom=\u00bb2px\u00bb border_color_bottom=\u00bb#94D7C8&#8243;]<\/p>\n<p><strong>Contratos bancarios<\/strong><\/p>\n<p>[\/et_pb_text][\/et_pb_column][et_pb_column type=\u00bb2_3&#8243; specialty_columns=\u00bb2&#8243; _builder_version=\u00bb3.25&#8243; custom_padding=\u00bb|||\u00bb custom_padding__hover=\u00bb|||\u00bb][et_pb_row_inner _builder_version=\u00bb4.3.4&#8243; background_color=\u00bbrgba(0,0,0,0)\u00bb custom_margin=\u00bb5%||||false|false\u00bb][et_pb_column_inner saved_specialty_column_type=\u00bb2_3&#8243; _builder_version=\u00bb4.3.4&#8243;][et_pb_text _builder_version=\u00bb4.3.4&#8243; text_font=\u00bbMontserrat|600|||||||\u00bb text_text_color=\u00bb#007077&#8243; custom_padding=\u00bb0px|0px||3%|false|false\u00bb border_width_left=\u00bb4px\u00bb border_color_left=\u00bb#94D7C8&#8243;]<\/p>\n<p>Asumimos otra serie de asuntos civiles, entre otros, arrendamientos, asuntos bancarios por cl\u00e1usulas abusivas, tarjetas revolving y responsabilidad civil ante cualquier negligencia, en especial negligencia m\u00e9dicas.<\/p>\n<p>[\/et_pb_text][et_pb_text module_id=\u00bbarrendamientos\u00bb _builder_version=\u00bb4.3.4&#8243; text_font=\u00bbPlayfair Display||||||||\u00bb text_text_color=\u00bb#007077&#8243; text_font_size=\u00bb25px\u00bb custom_margin=\u00bb8%||||false|false\u00bb custom_padding=\u00bb|0px|2%|0px|false|false\u00bb border_color_all=\u00bb#94D7C8&#8243; border_width_bottom=\u00bb2px\u00bb]<\/p>\n<p>Arrendamientos<\/p>\n<p>[\/et_pb_text][et_pb_text _builder_version=\u00bb4.3.4&#8243; text_font=\u00bbMontserrat||||||||\u00bb text_text_color=\u00bb#007077&#8243; custom_padding=\u00bb|0px||0px|false|false\u00bb]<\/p>\n<p>Somos expertos en redacci\u00f3n de contratos de arrendamiento, as\u00ed como de asesoramiento integral ante cualquier duda que pudiere surgirle, tanto si es usted el arrendador como si es el arrendatario. Asumimos procedimientos por reclamaci\u00f3n de impagos de renta, desahucios.<\/p>\n<p>[\/et_pb_text][\/et_pb_column_inner][\/et_pb_row_inner][et_pb_row_inner _builder_version=\u00bb4.3.4&#8243;][et_pb_column_inner saved_specialty_column_type=\u00bb2_3&#8243; _builder_version=\u00bb4.3.4&#8243;][et_pb_text module_id=\u00bbcontratos\u00bb _builder_version=\u00bb4.3.4&#8243; text_font=\u00bbPlayfair Display||||||||\u00bb text_text_color=\u00bb#007077&#8243; text_font_size=\u00bb25px\u00bb custom_margin=\u00bb0px||||false|false\u00bb custom_padding=\u00bb|0px|2%|0px|false|false\u00bb border_color_all=\u00bb#94D7C8&#8243; border_width_bottom=\u00bb2px\u00bb]<\/p>\n<p>Contratos bancarios<\/p>\n<p>[\/et_pb_text][et_pb_text _builder_version=\u00bb4.3.4&#8243; text_font=\u00bbMontserrat||||||||\u00bb text_text_color=\u00bb#007077&#8243; custom_padding=\u00bb|0px||0px|false|false\u00bb]<\/p>\n<p>Es un procedimiento judicial mediante el cual se regulan las relaciones de los progenitores para con los hijos menores de edad y\/o mayores de edad pero dependientes econ\u00f3micamente (guarda y custodia, r\u00e9gimen de visitas, pensi\u00f3n de alimentos, uso de la vivienda familiar).<\/p>\n<p>Este tipo de procedimiento puede instarse de mutuo acuerdo, que es en esencia similar a un procedimiento de divorcio de mutuo acuerdo o bien mediante demanda contenciosa cuando inicialmente no es posible el acuerdo.<\/p>\n<p>Desde nuestro despacho le ofrecemos la posibilidad de contratar <strong>online<\/strong> sin tener que desplazarse, si usted as\u00ed lo prefiere, hasta nuestro despacho, contactamos telef\u00f3nicamente con usted cuantas veces sean necesarias, ofreci\u00e9ndole un trato cercano, eficaz y personalizado, resolviendo cualquier duda que pudiera surgirle durante la tramitaci\u00f3n del mismo.<\/p>\n<p>[\/et_pb_text][\/et_pb_column_inner][\/et_pb_row_inner][\/et_pb_column][\/et_pb_section][et_pb_section fb_built=\u00bb1&#8243; custom_padding_last_edited=\u00bbon|tablet\u00bb disabled_on=\u00bboff|off|on\u00bb _builder_version=\u00bb4.3.4&#8243; custom_margin_tablet=\u00bb0px||0px||false|false\u00bb custom_margin_phone=\u00bb\u00bb custom_margin_last_edited=\u00bbon|tablet\u00bb custom_padding_tablet=\u00bb0px||0px||false|false\u00bb custom_padding_phone=\u00bb\u00bb][et_pb_row _builder_version=\u00bb4.3.4&#8243; background_color=\u00bbrgba(0,0,0,0)\u00bb max_width=\u00bbnone\u00bb custom_margin=\u00bb5%||||false|false\u00bb locked=\u00bboff\u00bb][et_pb_column type=\u00bb4_4&#8243; saved_specialty_column_type=\u00bb2_3&#8243; _builder_version=\u00bb4.3.4&#8243;][et_pb_text _builder_version=\u00bb4.3.4&#8243; text_font=\u00bbMontserrat|600|||||||\u00bb text_text_color=\u00bb#007077&#8243; custom_padding=\u00bb0px|0px||3%|false|false\u00bb border_width_left=\u00bb4px\u00bb border_color_left=\u00bb#94D7C8&#8243;]<\/p>\n<p>Asumimos otra serie de asuntos civiles, entre otros, arrendamientos, asuntos bancarios por cl\u00e1usulas abusivas, tarjetas revolving y responsabilidad civil ante cualquier negligencia, en especial negligencia m\u00e9dicas.<\/p>\n<p>[\/et_pb_text][et_pb_text module_id=\u00bbarrendamientos\u00bb _builder_version=\u00bb4.3.4&#8243; text_font=\u00bbPlayfair Display||||||||\u00bb text_text_color=\u00bb#007077&#8243; text_font_size=\u00bb25px\u00bb custom_margin=\u00bb8%||||false|false\u00bb custom_padding=\u00bb|0px|2%|0px|false|false\u00bb border_color_all=\u00bb#94D7C8&#8243; border_width_bottom=\u00bb2px\u00bb]<\/p>\n<p>Arrendamientos<\/p>\n<p>[\/et_pb_text][et_pb_text _builder_version=\u00bb4.3.4&#8243; text_font=\u00bbMontserrat||||||||\u00bb text_text_color=\u00bb#007077&#8243; custom_padding=\u00bb|0px||0px|false|false\u00bb]<\/p>\n<p>Somos expertos en redacci\u00f3n de contratos de arrendamiento, as\u00ed como de asesoramiento integral ante cualquier duda que pudiere surgirle, tanto si es usted el arrendador como si es el arrendatario. Asumimos procedimientos por reclamaci\u00f3n de impagos de renta, desahucios.<\/p>\n<p>[\/et_pb_text][\/et_pb_column][\/et_pb_row][et_pb_row _builder_version=\u00bb4.3.4&#8243; max_width=\u00bbnone\u00bb locked=\u00bboff\u00bb][et_pb_column type=\u00bb4_4&#8243; saved_specialty_column_type=\u00bb2_3&#8243; _builder_version=\u00bb4.3.4&#8243;][et_pb_text module_id=\u00bbcontratos\u00bb _builder_version=\u00bb4.3.4&#8243; text_font=\u00bbPlayfair Display||||||||\u00bb text_text_color=\u00bb#007077&#8243; text_font_size=\u00bb25px\u00bb custom_margin=\u00bb0px||||false|false\u00bb custom_padding=\u00bb|0px|2%|0px|false|false\u00bb border_color_all=\u00bb#94D7C8&#8243; border_width_bottom=\u00bb2px\u00bb]<\/p>\n<p>Contratos bancarios<\/p>\n<p>[\/et_pb_text][et_pb_text _builder_version=\u00bb4.3.4&#8243; text_font=\u00bbMontserrat||||||||\u00bb text_text_color=\u00bb#007077&#8243; custom_padding=\u00bb|0px||0px|false|false\u00bb]<\/p>\n<p>Es un procedimiento judicial mediante el cual se regulan las relaciones de los progenitores para con los hijos menores de edad y\/o mayores de edad pero dependientes econ\u00f3micamente (guarda y custodia, r\u00e9gimen de visitas, pensi\u00f3n de alimentos, uso de la vivienda familiar).<\/p>\n<p>Este tipo de procedimiento puede instarse de mutuo acuerdo, que es en esencia similar a un procedimiento de divorcio de mutuo acuerdo o bien mediante demanda contenciosa cuando inicialmente no es posible el acuerdo.<\/p>\n<p>Desde nuestro despacho le ofrecemos la posibilidad de contratar <strong>online<\/strong> sin tener que desplazarse, si usted as\u00ed lo prefiere, hasta nuestro despacho, contactamos telef\u00f3nicamente con usted cuantas veces sean necesarias, ofreci\u00e9ndole un trato cercano, eficaz y personalizado, resolviendo cualquier duda que pudiera surgirle durante la tramitaci\u00f3n del mismo.<\/p>\n<p>[\/et_pb_text][\/et_pb_column][\/et_pb_row][\/et_pb_section][et_pb_section fb_built=\u00bb1&#8243; disabled_on=\u00bboff|on|on\u00bb _builder_version=\u00bb4.3.4&#8243; background_color=\u00bb#007077&#8243; border_width_top=\u00bb5px\u00bb border_color_top=\u00bb#94D7C8&#8243; global_module=\u00bb916&#8243;][et_pb_row _builder_version=\u00bb4.3.4&#8243; width=\u00bb90%\u00bb custom_margin=\u00bb0px||0px||false|false\u00bb custom_padding=\u00bb0px||0px||false|false\u00bb][et_pb_column type=\u00bb4_4&#8243; _builder_version=\u00bb4.3.4&#8243;][et_pb_image src=\u00bbhttps:\/\/lusitanaabogados.com\/wp-content\/uploads\/2020\/06\/Grupo-48@2x.png\u00bb align=\u00bbcenter\u00bb _builder_version=\u00bb4.3.4&#8243; width=\u00bb30%\u00bb custom_margin_tablet=\u00bb\u00bb custom_margin_phone=\u00bb0px||0px||false|false\u00bb custom_margin_last_edited=\u00bbon|phone\u00bb custom_padding_tablet=\u00bb\u00bb custom_padding_phone=\u00bb0px||0px||false|false\u00bb custom_padding_last_edited=\u00bbon|phone\u00bb][\/et_pb_image][et_pb_text _builder_version=\u00bb4.3.4&#8243; text_font=\u00bbMontserrat||||||||\u00bb text_text_color=\u00bb#ffffff\u00bb text_orientation=\u00bbcenter\u00bb custom_margin=\u00bb4%||4%||false|false\u00bb]<\/p>\n<p>Villa Lusitana n\u00ba27, Bajo A<br \/> 28025, Madrid<br \/> 678527920<\/p>\n<p>[\/et_pb_text][et_pb_button button_url=\u00bbhttps:\/\/lusitanaabogados.com\/index.php\/contacto\/\u00bb button_text=\u00bbHablemos\u00bb button_alignment=\u00bbcenter\u00bb _builder_version=\u00bb4.3.4&#8243; custom_button=\u00bbon\u00bb button_text_size=\u00bb19px\u00bb button_text_color=\u00bb#ffffff\u00bb button_bg_color=\u00bb#94D7C8&#8243; button_border_radius=\u00bb0px\u00bb button_icon=\u00bb%%3%%\u00bb custom_padding=\u00bb0.5%|4%|0.5%|4%|false|false\u00bb][\/et_pb_button][et_pb_text _builder_version=\u00bb4.3.4&#8243; text_font=\u00bbMontserrat||||||||\u00bb text_text_color=\u00bb#ffffff\u00bb text_orientation=\u00bbcenter\u00bb]<\/p>\n<p>S\u00edguenos en redes sociales:<\/p>\n<p>[\/et_pb_text][et_pb_social_media_follow _builder_version=\u00bb4.3.4&#8243; custom_button=\u00bbon\u00bb text_orientation=\u00bbcenter\u00bb width=\u00bb100%\u00bb max_width=\u00bb100%\u00bb custom_margin=\u00bb0px||0px||false|false\u00bb custom_padding=\u00bb0px|0px|0px|0px|false|false\u00bb][et_pb_social_media_follow_network social_network=\u00bbtwitter\u00bb _builder_version=\u00bb4.3.4&#8243; background_color=\u00bb#94D7C8&#8243; background_enable_color=\u00bbon\u00bb custom_margin=\u00bb0px|0px|0px|0px|false|false\u00bb custom_padding=\u00bb0px|0px|0px|0px|false|false\u00bb follow_button=\u00bboff\u00bb url_new_window=\u00bbon\u00bb]twitter[\/et_pb_social_media_follow_network][et_pb_social_media_follow_network social_network=\u00bbskype\u00bb _builder_version=\u00bb4.3.4&#8243; background_color=\u00bb#94D7C8&#8243; background_enable_color=\u00bbon\u00bb custom_margin=\u00bb0px|0px|0px|0px|false|false\u00bb custom_padding=\u00bb0px|0px|0px|0px|false|false\u00bb follow_button=\u00bboff\u00bb url_new_window=\u00bbon\u00bb]skype[\/et_pb_social_media_follow_network][et_pb_social_media_follow_network social_network=\u00bblinkedin\u00bb _builder_version=\u00bb4.3.4&#8243; background_color=\u00bb#94D7C8&#8243; background_enable_color=\u00bbon\u00bb custom_margin=\u00bb0px|0px|0px|0px|false|false\u00bb custom_padding=\u00bb0px|0px|0px|0px|false|false\u00bb follow_button=\u00bboff\u00bb url_new_window=\u00bbon\u00bb]linkedin[\/et_pb_social_media_follow_network][\/et_pb_social_media_follow][et_pb_text _builder_version=\u00bb4.3.4&#8243; text_font=\u00bbMontserrat||||||||\u00bb text_text_color=\u00bb#ffffff\u00bb text_orientation=\u00bbcenter\u00bb custom_margin=\u00bb7%||||false|false\u00bb]<\/p>\n<p>Pol\u00edtica de Privacidad | Cookies | Aviso legal<\/p>\n<p>[\/et_pb_text][\/et_pb_column][\/et_pb_row][\/et_pb_section][et_pb_section fb_built=\u00bb1&#8243; disabled_on=\u00bbon|off|off\u00bb module_class=\u00bbbloquear-responsive\u00bb _builder_version=\u00bb4.3.4&#8243; background_color=\u00bb#007077&#8243; border_width_top=\u00bb5px\u00bb border_color_top=\u00bb#94D7C8&#8243; global_module=\u00bb65&#8243; saved_tabs=\u00bball\u00bb][et_pb_row column_structure=\u00bb1_2,1_2&#8243; _builder_version=\u00bb4.3.4&#8243; width_tablet=\u00bb90%\u00bb width_phone=\u00bb\u00bb width_last_edited=\u00bbon|tablet\u00bb][et_pb_column type=\u00bb1_2&#8243; _builder_version=\u00bb4.3.4&#8243;][et_pb_image src=\u00bbhttp:\/\/agmaabogados.com\/wp-content\/uploads\/2020\/06\/Grupo-48@2x.png\u00bb _builder_version=\u00bb4.3.4&#8243; width=\u00bb30%\u00bb width_tablet=\u00bb25%\u00bb width_phone=\u00bb\u00bb width_last_edited=\u00bbon|tablet\u00bb custom_padding=\u00bb||||false|false\u00bb][\/et_pb_image][et_pb_text _builder_version=\u00bb4.3.4&#8243; text_font=\u00bbMontserrat||||||||\u00bb text_text_color=\u00bb#ffffff\u00bb text_font_size=\u00bb16px\u00bb]<\/p>\n<p>Villa Lusitana n\u00ba27, Bajo A<br \/> 28025, Madrid<br \/> 678527920<\/p>\n<p>[\/et_pb_text][\/et_pb_column][et_pb_column type=\u00bb1_2&#8243; _builder_version=\u00bb4.3.4&#8243;][et_pb_button button_url=\u00bbhttps:\/\/lusitanaabogados.com\/index.php\/contacto\/\u00bb button_text=\u00bbHablemos\u00bb button_alignment=\u00bbright\u00bb _builder_version=\u00bb4.3.4&#8243; custom_button=\u00bbon\u00bb button_text_size=\u00bb19px\u00bb button_text_color=\u00bb#ffffff\u00bb button_bg_color=\u00bb#94D7C8&#8243; button_border_radius=\u00bb0px\u00bb button_icon=\u00bb%%3%%\u00bb custom_padding=\u00bb0.5%|4%|0.5%|4%|false|false\u00bb locked=\u00bboff\u00bb][\/et_pb_button][et_pb_text _builder_version=\u00bb4.3.4&#8243; text_font=\u00bbMontserrat||||||||\u00bb text_text_color=\u00bb#ffffff\u00bb text_font_size=\u00bb16px\u00bb text_orientation=\u00bbright\u00bb custom_margin=\u00bb||2%||false|false\u00bb]<\/p>\n<p>S\u00edguenos en redes sociales:<\/p>\n<p>[\/et_pb_text][et_pb_social_media_follow _builder_version=\u00bb4.3.4&#8243; custom_button=\u00bbon\u00bb text_orientation=\u00bbright\u00bb width=\u00bb100%\u00bb max_width=\u00bb100%\u00bb custom_margin=\u00bb0px||0px||false|false\u00bb custom_padding=\u00bb0px|0px|0px|0px|false|false\u00bb][et_pb_social_media_follow_network social_network=\u00bbtwitter\u00bb _builder_version=\u00bb4.3.4&#8243; background_color=\u00bb#94D7C8&#8243; background_enable_color=\u00bbon\u00bb custom_margin=\u00bb0px|0px|0px|0px|false|false\u00bb custom_padding=\u00bb0px|0px|0px|0px|false|false\u00bb follow_button=\u00bboff\u00bb url_new_window=\u00bbon\u00bb]twitter[\/et_pb_social_media_follow_network][et_pb_social_media_follow_network social_network=\u00bbskype\u00bb _builder_version=\u00bb4.3.4&#8243; background_color=\u00bb#94D7C8&#8243; background_enable_color=\u00bbon\u00bb follow_button=\u00bboff\u00bb url_new_window=\u00bbon\u00bb]skype[\/et_pb_social_media_follow_network][et_pb_social_media_follow_network social_network=\u00bblinkedin\u00bb _builder_version=\u00bb4.3.4&#8243; background_color=\u00bb#94D7C8&#8243; background_enable_color=\u00bbon\u00bb follow_button=\u00bboff\u00bb url_new_window=\u00bbon\u00bb]linkedin[\/et_pb_social_media_follow_network][\/et_pb_social_media_follow][et_pb_text _builder_version=\u00bb4.3.4&#8243; text_font=\u00bbMontserrat|300|||||||\u00bb text_text_color=\u00bb#ffffff\u00bb text_orientation=\u00bbright\u00bb]<\/p>\n<p>Pol\u00edtica de Privacidad | Cookies | Aviso legal<\/p>\n<p>[\/et_pb_text][\/et_pb_column][\/et_pb_row][\/et_pb_section]<\/p>\n","protected":false},"excerpt":{"rendered":"<p>[et_pb_section fb_built=\u00bb1&#8243; _builder_version=\u00bb4.3.4&#8243; background_image=\u00bbhttps:\/\/lusitanaabogados.com\/wp-content\/uploads\/2020\/06\/Cabecera-asuntos-civiles-scaled.jpg\u00bb border_width_top=\u00bb6px\u00bb border_color_top=\u00bb#94D7C8&#8243; locked=\u00bboff\u00bb][et_pb_row custom_padding_last_edited=\u00bbon|tablet\u00bb _builder_version=\u00bb4.3.4&#8243; custom_margin=\u00bb3%||||false|false\u00bb custom_margin_tablet=\u00bb3%||0px||false|false\u00bb custom_margin_phone=\u00bb0%||||false|false\u00bb custom_margin_last_edited=\u00bbon|tablet\u00bb custom_padding_tablet=\u00bb||0px||false|false\u00bb custom_padding_phone=\u00bb\u00bb][et_pb_column type=\u00bb4_4&#8243; _builder_version=\u00bb4.3.4&#8243;][et_pb_image src=\u00bbhttps:\/\/lusitanaabogados.com\/wp-content\/uploads\/2020\/06\/Grupo-66@2x.png\u00bb align=\u00bbcenter\u00bb _builder_version=\u00bb4.3.4&#8243; width=\u00bb9%\u00bb width_tablet=\u00bb13%\u00bb width_phone=\u00bb19%\u00bb width_last_edited=\u00bbon|tablet\u00bb][\/et_pb_image][et_pb_text _builder_version=\u00bb4.3.4&#8243; header_font=\u00bbPlayfair Display|700|||||||\u00bb header_text_color=\u00bb#ffffff\u00bb header_font_size=\u00bb50px\u00bb header_line_height=\u00bb1.2em\u00bb header_font_size_tablet=\u00bb\u00bb header_font_size_phone=\u00bb40px\u00bb header_font_size_last_edited=\u00bbon|phone\u00bb] Asuntos civiles [\/et_pb_text][\/et_pb_column][\/et_pb_row][et_pb_row _builder_version=\u00bb4.3.4&#8243;][et_pb_column type=\u00bb4_4&#8243; _builder_version=\u00bb4.3.4&#8243;][et_pb_button button_url=\u00bbhttps:\/\/lusitanaabogados.com\/index.php\/contacto\/\u00bb button_text=\u00bbHablemos\u00bb button_alignment=\u00bbcenter\u00bb _builder_version=\u00bb4.3.4&#8243; custom_button=\u00bbon\u00bb button_text_size=\u00bb19px\u00bb button_text_color=\u00bb#ffffff\u00bb button_bg_color=\u00bb#94D7C8&#8243; button_border_radius=\u00bb0px\u00bb button_icon=\u00bb%%3%%\u00bb custom_padding=\u00bb0.5%|4%|0.5%|4%|false|false\u00bb][\/et_pb_button][\/et_pb_column][\/et_pb_row][\/et_pb_section][et_pb_section fb_built=\u00bb1&#8243; specialty=\u00bbon\u00bb background_color_1=\u00bb#E2F7F2&#8243; background_color_2=\u00bbrgba(0,0,0,0)\u00bb use_background_color_gradient_1=\u00bboff\u00bb [&hellip;]<\/p>\n","protected":false},"author":1,"featured_media":0,"parent":0,"menu_order":0,"comment_status":"closed","ping_status":"closed","template":"","meta":{"_et_pb_use_builder":"on","_et_pb_old_content":"","_et_gb_content_width":""},"yoast_head":"<!-- This site is optimized with the Yoast SEO plugin v15.5 - https:\/\/yoast.com\/wordpress\/plugins\/seo\/ -->\n<title>Asuntos civiles - Lusitana abogados<\/title>\n<meta name=\"description\" content=\"Lusitana Abogados es un despacho con m\u00e1s de veinte a\u00f1os de experiencia en el ejercicio profesional en las \u00e1reas de derecho de familia, penal y laboral.\" \/>\n<meta name=\"robots\" content=\"index, follow, max-snippet:-1, max-image-preview:large, max-video-preview:-1\" \/>\n<link rel=\"canonical\" href=\"https:\/\/lusitanaabogados.com\/index.php\/asuntos-civiles\/\" \/>\n<meta property=\"og:locale\" content=\"es_ES\" \/>\n<meta property=\"og:type\" content=\"article\" \/>\n<meta property=\"og:title\" content=\"Asuntos civiles - Lusitana abogados\" \/>\n<meta property=\"og:description\" content=\"Lusitana Abogados es un despacho con m\u00e1s de veinte a\u00f1os de experiencia en el ejercicio profesional en las \u00e1reas de derecho de familia, penal y laboral.\" \/>\n<meta property=\"og:url\" content=\"https:\/\/lusitanaabogados.com\/index.php\/asuntos-civiles\/\" \/>\n<meta property=\"og:site_name\" content=\"Lusitana abogados\" \/>\n<meta property=\"article:modified_time\" content=\"2020-06-22T06:45:29+00:00\" \/>\n<meta name=\"twitter:card\" content=\"summary_large_image\" \/>\n<meta name=\"twitter:label1\" content=\"Tiempo de lectura\">\n\t<meta name=\"twitter:data1\" content=\"8 minutos\">\n<script type=\"application\/ld+json\" class=\"yoast-schema-graph\">{\"@context\":\"https:\/\/schema.org\",\"@graph\":[{\"@type\":[\"Person\",\"Organization\"],\"@id\":\"https:\/\/lusitanaabogados.com\/#\/schema\/person\/a2ee4706acbc9e792a97442faa262481\",\"name\":\"anguitagarrido@gmail.com\",\"image\":{\"@type\":\"ImageObject\",\"@id\":\"https:\/\/lusitanaabogados.com\/#personlogo\",\"inLanguage\":\"es\",\"url\":\"https:\/\/secure.gravatar.com\/avatar\/745bc33990f53393901400f3eba535c9?s=96&d=mm&r=g\",\"caption\":\"anguitagarrido@gmail.com\"},\"logo\":{\"@id\":\"https:\/\/lusitanaabogados.com\/#personlogo\"},\"sameAs\":[\"http:\/\/agmaabogados.com\"]},{\"@type\":\"WebSite\",\"@id\":\"https:\/\/lusitanaabogados.com\/#website\",\"url\":\"https:\/\/lusitanaabogados.com\/\",\"name\":\"Lusitana abogados\",\"description\":\"Mar\\u00eda Anguita Garrido\",\"publisher\":{\"@id\":\"https:\/\/lusitanaabogados.com\/#\/schema\/person\/a2ee4706acbc9e792a97442faa262481\"},\"potentialAction\":[{\"@type\":\"SearchAction\",\"target\":\"https:\/\/lusitanaabogados.com\/?s={search_term_string}\",\"query-input\":\"required name=search_term_string\"}],\"inLanguage\":\"es\"},{\"@type\":\"WebPage\",\"@id\":\"https:\/\/lusitanaabogados.com\/index.php\/asuntos-civiles\/#webpage\",\"url\":\"https:\/\/lusitanaabogados.com\/index.php\/asuntos-civiles\/\",\"name\":\"Asuntos civiles - Lusitana abogados\",\"isPartOf\":{\"@id\":\"https:\/\/lusitanaabogados.com\/#website\"},\"datePublished\":\"2020-06-09T15:55:28+00:00\",\"dateModified\":\"2020-06-22T06:45:29+00:00\",\"description\":\"Lusitana Abogados es un despacho con m\\u00e1s de veinte a\\u00f1os de experiencia en el ejercicio profesional en las \\u00e1reas de derecho de familia, penal y laboral.\",\"inLanguage\":\"es\",\"potentialAction\":[{\"@type\":\"ReadAction\",\"target\":[\"https:\/\/lusitanaabogados.com\/index.php\/asuntos-civiles\/\"]}]}]}<\/script>\n<!-- \/ Yoast SEO plugin. -->","_links":{"self":[{"href":"https:\/\/lusitanaabogados.com\/index.php\/wp-json\/wp\/v2\/pages\/354"}],"collection":[{"href":"https:\/\/lusitanaabogados.com\/index.php\/wp-json\/wp\/v2\/pages"}],"about":[{"href":"https:\/\/lusitanaabogados.com\/index.php\/wp-json\/wp\/v2\/types\/page"}],"author":[{"embeddable":true,"href":"https:\/\/lusitanaabogados.com\/index.php\/wp-json\/wp\/v2\/users\/1"}],"replies":[{"embeddable":true,"href":"https:\/\/lusitanaabogados.com\/index.php\/wp-json\/wp\/v2\/comments?post=354"}],"version-history":[{"count":19,"href":"https:\/\/lusitanaabogados.com\/index.php\/wp-json\/wp\/v2\/pages\/354\/revisions"}],"predecessor-version":[{"id":931,"href":"https:\/\/lusitanaabogados.com\/index.php\/wp-json\/wp\/v2\/pages\/354\/revisions\/931"}],"wp:attachment":[{"href":"https:\/\/lusitanaabogados.com\/index.php\/wp-json\/wp\/v2\/media?parent=354"}],"curies":[{"name":"wp","href":"https:\/\/api.w.org\/{rel}","templated":true}]}}