{"id":48,"date":"2020-06-08T09:21:47","date_gmt":"2020-06-08T09:21:47","guid":{"rendered":"http:\/\/agmaabogados.com\/?page_id=48"},"modified":"2020-06-30T07:30:27","modified_gmt":"2020-06-30T07:30:27","slug":"quienes-somos","status":"publish","type":"page","link":"https:\/\/lusitanaabogados.com\/index.php\/quienes-somos\/","title":{"rendered":"Qui\u00e9nes somos"},"content":{"rendered":"<p>[et_pb_section fb_built=\u00bb1&#8243; _builder_version=\u00bb4.3.4&#8243; background_enable_color=\u00bboff\u00bb background_image=\u00bbhttps:\/\/lusitanaabogados.com\/wp-content\/uploads\/2020\/06\/QUIENES-SOMOS2@2x-scaled.jpg\u00bb border_width_top=\u00bb6px\u00bb border_color_top=\u00bb#94D7C8&#8243; locked=\u00bboff\u00bb][et_pb_row _builder_version=\u00bb4.3.4&#8243; custom_margin=\u00bb3%||3%||false|false\u00bb][et_pb_column type=\u00bb4_4&#8243; _builder_version=\u00bb4.3.4&#8243;][et_pb_text _builder_version=\u00bb4.3.4&#8243; header_font=\u00bbPlayfair Display|700|||||||\u00bb header_text_color=\u00bb#ffffff\u00bb header_font_size=\u00bb50px\u00bb header_line_height=\u00bb1.2em\u00bb header_font_size_tablet=\u00bb40px\u00bb header_font_size_phone=\u00bb\u00bb header_font_size_last_edited=\u00bbon|tablet\u00bb]<\/p>\n<h1 style=\"text-align: center;\">Qui\u00e9nes somos<\/h1>\n<p>[\/et_pb_text][\/et_pb_column][\/et_pb_row][\/et_pb_section][et_pb_section fb_built=\u00bb1&#8243; custom_padding_last_edited=\u00bbon|phone\u00bb _builder_version=\u00bb4.3.4&#8243; custom_margin=\u00bb||||false|false\u00bb custom_margin_tablet=\u00bb\u00bb custom_margin_phone=\u00bb\u00bb custom_margin_last_edited=\u00bbon|phone\u00bb custom_padding=\u00bb0px||||false|false\u00bb custom_padding_tablet=\u00bb\u00bb custom_padding_phone=\u00bb2%||2%||false|false\u00bb][et_pb_row custom_padding_last_edited=\u00bbon|tablet\u00bb _builder_version=\u00bb4.3.4&#8243; custom_margin=\u00bb0px||||false|false\u00bb custom_margin_tablet=\u00bb||0px||false|false\u00bb custom_margin_phone=\u00bb\u00bb custom_margin_last_edited=\u00bbon|tablet\u00bb custom_padding_tablet=\u00bb||0px||false|false\u00bb custom_padding_phone=\u00bb\u00bb][et_pb_column type=\u00bb4_4&#8243; _builder_version=\u00bb4.3.4&#8243;][et_pb_text _builder_version=\u00bb4.4.8&#8243; text_font=\u00bbMontserrat||||||||\u00bb text_text_color=\u00bb#007077&#8243; text_font_size=\u00bb16px\u00bb text_orientation=\u00bbcenter\u00bb width=\u00bb89%\u00bb width_tablet=\u00bb100%\u00bb width_phone=\u00bb\u00bb width_last_edited=\u00bbon|desktop\u00bb module_alignment=\u00bbcenter\u00bb custom_padding=\u00bb2%|0px|2%|0px|false|false\u00bb hover_enabled=\u00bb0&#8243; text_font_size_tablet=\u00bb13px\u00bb text_font_size_phone=\u00bb\u00bb text_font_size_last_edited=\u00bbon|tablet\u00bb border_width_top=\u00bb3px\u00bb border_color_top=\u00bb#94D7C8&#8243; border_width_bottom=\u00bb3px\u00bb border_color_bottom=\u00bb#94D7C8&#8243; locked=\u00bboff\u00bb]<\/p>\n<p style=\"text-align: center;\"><strong>Lusitana Abogados<\/strong> es un despacho de abogados con m\u00e1s de veinte a\u00f1os de experiencia en el ejercicio profesional en las \u00e1reas de derecho de familia, penal y laboral. Sus abogados se encuentran altamente especializados y comprometidos, ofreciendo un servicio personalizado, con un trato cercano y eficaz.<\/p>\n<p>[\/et_pb_text][\/et_pb_column][\/et_pb_row][et_pb_row column_structure=\u00bb1_2,1_2&#8243; custom_padding_last_edited=\u00bbon|tablet\u00bb _builder_version=\u00bb4.3.4&#8243; width=\u00bb68%\u00bb width_tablet=\u00bb80%\u00bb width_phone=\u00bb\u00bb width_last_edited=\u00bbon|desktop\u00bb custom_margin=\u00bb0px||||false|false\u00bb custom_margin_tablet=\u00bb\u00bb custom_margin_phone=\u00bb\u00bb custom_margin_last_edited=\u00bbon|tablet\u00bb custom_padding_tablet=\u00bb\u00bb custom_padding_phone=\u00bb\u00bb][et_pb_column type=\u00bb1_2&#8243; _builder_version=\u00bb4.3.4&#8243;][et_pb_text _builder_version=\u00bb4.3.4&#8243; text_font=\u00bbMontserrat||||||||\u00bb text_text_color=\u00bb#007077&#8243; custom_margin=\u00bb10%||||false|false\u00bb custom_margin_tablet=\u00bb0%||||false|false\u00bb custom_margin_phone=\u00bb\u00bb custom_margin_last_edited=\u00bbon|tablet\u00bb text_font_size_tablet=\u00bb13px\u00bb text_font_size_phone=\u00bb\u00bb text_font_size_last_edited=\u00bbon|tablet\u00bb]<\/p>\n<p>Somos conscientes que cada cliente tiene unas necesidades diferentes por lo que nos adaptamos a las mismas.<\/p>\n<p>Ofrecemos soluciones a medida y un servicio de calidad, con un seguimiento exclusivo y personalizado para cada caso concreto.<\/p>\n<p>Nuestro objetivo es ser su abogado de confianza, obtener lo mejores resultados, trabajando siempre de forma personal y cercana, aclarando cualquier duda que puedan tener nuestros clientes. informamos con claridad de la situaci\u00f3n real de su caso, su evoluci\u00f3n as\u00ed como los trabajos realizados en todo momento.<\/p>\n<p>[\/et_pb_text][\/et_pb_column][et_pb_column type=\u00bb1_2&#8243; _builder_version=\u00bb4.3.4&#8243;][et_pb_image src=\u00bbhttps:\/\/lusitanaabogados.com\/wp-content\/uploads\/2020\/06\/Law1@2x.jpg\u00bb _builder_version=\u00bb4.3.4&#8243; width=\u00bb98%\u00bb width_tablet=\u00bb\u00bb width_phone=\u00bb\u00bb width_last_edited=\u00bbon|desktop\u00bb box_shadow_style=\u00bbpreset4&#8243; box_shadow_color=\u00bb#7bb5b1&#8243;][\/et_pb_image][\/et_pb_column][\/et_pb_row][\/et_pb_section][et_pb_section fb_built=\u00bb1&#8243; _builder_version=\u00bb4.3.4&#8243; background_color=\u00bb#007077&#8243; custom_margin=\u00bb0px||0px||false|false\u00bb custom_padding=\u00bb0px||0px||false|false\u00bb][et_pb_row _builder_version=\u00bb4.3.4&#8243;][et_pb_column type=\u00bb4_4&#8243; _builder_version=\u00bb4.3.4&#8243;][et_pb_text _builder_version=\u00bb4.3.4&#8243; text_font=\u00bbMontserrat|700|||||||\u00bb text_text_color=\u00bb#ffffff\u00bb text_font_size=\u00bb16px\u00bb text_font_size_tablet=\u00bb14px\u00bb text_font_size_phone=\u00bb\u00bb text_font_size_last_edited=\u00bbon|tablet\u00bb]<\/p>\n<p style=\"text-align: center;\">Si usted lo desea podemos hacernos cargo de su asunto sin que tenga que desplazarse al despacho, prestando servicio telef\u00f3nico y online, acudiendo tan solo a los llamamientos judiciales o administrativos, lo que supone un abaratamiento del coste.<\/p>\n<p>[\/et_pb_text][\/et_pb_column][\/et_pb_row][\/et_pb_section][et_pb_section fb_built=\u00bb1&#8243; custom_padding_last_edited=\u00bbon|phone\u00bb _builder_version=\u00bb4.3.4&#8243; custom_padding_tablet=\u00bb\u00bb custom_padding_phone=\u00bb||2%||false|false\u00bb][et_pb_row column_structure=\u00bb1_2,1_2&#8243; custom_padding_last_edited=\u00bbon|phone\u00bb _builder_version=\u00bb4.3.4&#8243; custom_margin_tablet=\u00bb\u00bb custom_margin_phone=\u00bb0px||||false|false\u00bb custom_margin_last_edited=\u00bbon|phone\u00bb custom_padding_tablet=\u00bb\u00bb custom_padding_phone=\u00bb0px||||false|false\u00bb locked=\u00bboff\u00bb][et_pb_column type=\u00bb1_2&#8243; _builder_version=\u00bb4.3.4&#8243;][et_pb_image src=\u00bbhttps:\/\/lusitanaabogados.com\/wp-content\/uploads\/2020\/06\/lawdef@2x.jpg\u00bb _builder_version=\u00bb4.3.4&#8243; width=\u00bb98%\u00bb width_tablet=\u00bb\u00bb width_phone=\u00bb\u00bb width_last_edited=\u00bbon|desktop\u00bb box_shadow_style=\u00bbpreset4&#8243; box_shadow_color=\u00bb#7bb5b1&#8243;][\/et_pb_image][\/et_pb_column][et_pb_column type=\u00bb1_2&#8243; _builder_version=\u00bb4.3.4&#8243;][et_pb_text _builder_version=\u00bb4.3.4&#8243; text_font=\u00bbMontserrat||||||||\u00bb text_text_color=\u00bb#007077&#8243; custom_margin=\u00bb2%||||false|false\u00bb text_font_size_tablet=\u00bb13px\u00bb text_font_size_phone=\u00bb\u00bb text_font_size_last_edited=\u00bbon|tablet\u00bb]<\/p>\n<p><strong>Adecuamos los honorarios al trabajo efectivo realizado.<br \/> <\/strong>Nos preocupamos en encontrar f\u00f3rmulas de financiaci\u00f3n que faciliten el acceso a una defensa de calidad, ofreci\u00e9ndole un servicio de financiaci\u00f3n a su medida, adaptado a las particularidades de cada uno de nuestros clientes. No ofrecemos los honorarios m\u00e1s baratos del mercado, ni hacemos una publicidad agresiva para llevar innumerables asuntos sin importar las circunstancias de los clientes, ofrecemos una implicaci\u00f3n permanente en las personas y las circunstancias que le rodean. Cada asunto es un asunto diferente para nosotros y le prestamos el estudio y esfuerzo necesario para que se resuelva de forma exitosa.<\/p>\n<p>Tras aceptar el presupuesto, firmamos con usted una hoja de encargo profesional en el que le garantizamos el coste final del servicio contratado, evitando sorpresas y gastos inesperados.<\/p>\n<p>[\/et_pb_text][\/et_pb_column][\/et_pb_row][et_pb_row custom_padding_last_edited=\u00bbon|tablet\u00bb _builder_version=\u00bb4.3.4&#8243; custom_margin_tablet=\u00bb0px||||false|false\u00bb custom_margin_phone=\u00bb\u00bb custom_margin_last_edited=\u00bbon|tablet\u00bb custom_padding_tablet=\u00bb0px||||false|false\u00bb custom_padding_phone=\u00bb\u00bb][et_pb_column type=\u00bb4_4&#8243; _builder_version=\u00bb4.3.4&#8243;][et_pb_text _builder_version=\u00bb4.3.4&#8243; text_font=\u00bbMontserrat||||||||\u00bb text_text_color=\u00bb#007077&#8243; text_font_size=\u00bb16px\u00bb custom_padding=\u00bb|||3%|false|false\u00bb text_font_size_tablet=\u00bb13px\u00bb text_font_size_phone=\u00bb\u00bb text_font_size_last_edited=\u00bbon|tablet\u00bb border_width_left=\u00bb3px\u00bb border_color_left=\u00bb#94D7C8&#8243;]<\/p>\n<p><strong>Nuestro despacho est\u00e1 ubicado en Madrid<\/strong>, trabajamos por toda la Comunidad y tambi\u00e9n llevamos asuntos en el resto de Espa\u00f1a y en especial en <strong>Guadalajara y Castell\u00f3n de la Plana<\/strong> donde tenemos delegaciones para atenderle si fuera necesario.<\/p>\n<p>[\/et_pb_text][\/et_pb_column][\/et_pb_row][\/et_pb_section][et_pb_section fb_built=\u00bb1&#8243; disabled_on=\u00bboff|on|on\u00bb _builder_version=\u00bb4.3.4&#8243; background_color=\u00bb#007077&#8243; border_width_top=\u00bb5px\u00bb border_color_top=\u00bb#94D7C8&#8243; global_module=\u00bb916&#8243;][et_pb_row _builder_version=\u00bb4.3.4&#8243; width=\u00bb90%\u00bb custom_margin=\u00bb0px||0px||false|false\u00bb custom_padding=\u00bb0px||0px||false|false\u00bb][et_pb_column type=\u00bb4_4&#8243; _builder_version=\u00bb4.3.4&#8243;][et_pb_image src=\u00bbhttps:\/\/lusitanaabogados.com\/wp-content\/uploads\/2020\/06\/Lusitana-abogados-logotype-04.png\u00bb title_text=\u00bbLusitana abogados logotype-04&#8243; align=\u00bbcenter\u00bb _builder_version=\u00bb4.4.8&#8243; width=\u00bb40%\u00bb custom_margin_tablet=\u00bb\u00bb custom_margin_phone=\u00bb0px||0px||false|false\u00bb custom_margin_last_edited=\u00bbon|phone\u00bb custom_padding_tablet=\u00bb\u00bb custom_padding_phone=\u00bb0px||0px||false|false\u00bb custom_padding_last_edited=\u00bbon|phone\u00bb][\/et_pb_image][et_pb_text _builder_version=\u00bb4.4.8&#8243; text_font=\u00bbMontserrat||||||||\u00bb text_text_color=\u00bb#ffffff\u00bb text_orientation=\u00bbcenter\u00bb custom_margin=\u00bb4%||4%||false|false\u00bb]<\/p>\n<p>Via Lusitana n\u00ba27, Bajo A<br \/> 28025, Madrid<br \/> 678527920<\/p>\n<p>[\/et_pb_text][et_pb_button button_url=\u00bbhttps:\/\/lusitanaabogados.com\/index.php\/contacto\/\u00bb button_text=\u00bbHablemos\u00bb button_alignment=\u00bbcenter\u00bb _builder_version=\u00bb4.3.4&#8243; custom_button=\u00bbon\u00bb button_text_size=\u00bb19px\u00bb button_text_color=\u00bb#ffffff\u00bb button_bg_color=\u00bb#94D7C8&#8243; button_border_radius=\u00bb0px\u00bb button_icon=\u00bb%%3%%\u00bb custom_padding=\u00bb0.5%|4%|0.5%|4%|false|false\u00bb][\/et_pb_button][et_pb_text _builder_version=\u00bb4.3.4&#8243; text_font=\u00bbMontserrat||||||||\u00bb text_text_color=\u00bb#ffffff\u00bb text_orientation=\u00bbcenter\u00bb]<\/p>\n<p>S\u00edguenos en redes sociales:<\/p>\n<p>[\/et_pb_text][et_pb_social_media_follow _builder_version=\u00bb4.4.8&#8243; custom_button=\u00bbon\u00bb text_orientation=\u00bbcenter\u00bb width=\u00bb100%\u00bb max_width=\u00bb100%\u00bb custom_margin=\u00bb0px||0px||false|false\u00bb custom_padding=\u00bb0px|0px|0px|0px|false|false\u00bb][et_pb_social_media_follow_network social_network=\u00bbtwitter\u00bb url=\u00bbhttps:\/\/twitter.com\/MariaAnguitag\u00bb _builder_version=\u00bb4.4.8&#8243; background_color=\u00bb#94D7C8&#8243; background_enable_color=\u00bbon\u00bb custom_margin=\u00bb0px|0px|0px|0px|false|false\u00bb custom_padding=\u00bb0px|0px|0px|0px|false|false\u00bb follow_button=\u00bboff\u00bb url_new_window=\u00bbon\u00bb]twitter[\/et_pb_social_media_follow_network][et_pb_social_media_follow_network social_network=\u00bbskype\u00bb _builder_version=\u00bb4.3.4&#8243; background_color=\u00bb#94D7C8&#8243; background_enable_color=\u00bbon\u00bb custom_margin=\u00bb0px|0px|0px|0px|false|false\u00bb custom_padding=\u00bb0px|0px|0px|0px|false|false\u00bb follow_button=\u00bboff\u00bb url_new_window=\u00bbon\u00bb]skype[\/et_pb_social_media_follow_network][et_pb_social_media_follow_network social_network=\u00bblinkedin\u00bb url=\u00bbhttps:\/\/es.linkedin.com\/in\/maria-anguita-garrido-58444099&#8243; _builder_version=\u00bb4.4.8&#8243; background_color=\u00bb#94D7C8&#8243; background_enable_color=\u00bbon\u00bb custom_margin=\u00bb0px|0px|0px|0px|false|false\u00bb custom_padding=\u00bb0px|0px|0px|0px|false|false\u00bb follow_button=\u00bboff\u00bb url_new_window=\u00bbon\u00bb]linkedin[\/et_pb_social_media_follow_network][\/et_pb_social_media_follow][et_pb_text _builder_version=\u00bb4.3.4&#8243; text_font=\u00bbMontserrat||||||||\u00bb text_text_color=\u00bb#ffffff\u00bb text_orientation=\u00bbcenter\u00bb custom_margin=\u00bb7%||||false|false\u00bb]<\/p>\n<p>Pol\u00edtica de Privacidad | Cookies | Aviso legal<\/p>\n<p>[\/et_pb_text][\/et_pb_column][\/et_pb_row][\/et_pb_section][et_pb_section fb_built=\u00bb1&#8243; disabled_on=\u00bbon|off|off\u00bb module_class=\u00bbbloquear-responsive\u00bb _builder_version=\u00bb4.3.4&#8243; background_color=\u00bb#007077&#8243; border_width_top=\u00bb5px\u00bb border_color_top=\u00bb#94D7C8&#8243; global_module=\u00bb65&#8243; saved_tabs=\u00bball\u00bb][et_pb_row column_structure=\u00bb1_2,1_2&#8243; _builder_version=\u00bb4.3.4&#8243; width_tablet=\u00bb90%\u00bb width_phone=\u00bb\u00bb width_last_edited=\u00bbon|tablet\u00bb][et_pb_column type=\u00bb1_2&#8243; _builder_version=\u00bb4.3.4&#8243;][et_pb_image src=\u00bbhttps:\/\/lusitanaabogados.com\/wp-content\/uploads\/2020\/06\/Lusitana-abogados-logotype-04.png\u00bb title_text=\u00bbLusitana abogados logotype-04&#8243; _builder_version=\u00bb4.4.8&#8243; width=\u00bb40%\u00bb width_tablet=\u00bb25%\u00bb width_phone=\u00bb\u00bb width_last_edited=\u00bbon|tablet\u00bb custom_padding=\u00bb||||false|false\u00bb][\/et_pb_image][et_pb_text _builder_version=\u00bb4.4.8&#8243; text_font=\u00bbMontserrat||||||||\u00bb text_text_color=\u00bb#ffffff\u00bb text_font_size=\u00bb16px\u00bb]<\/p>\n<p>Via Lusitana n\u00ba27, Bajo A<br \/> 28025, Madrid<br \/> 678527920<\/p>\n<p>[\/et_pb_text][\/et_pb_column][et_pb_column type=\u00bb1_2&#8243; _builder_version=\u00bb4.3.4&#8243;][et_pb_button button_url=\u00bbhttps:\/\/lusitanaabogados.com\/index.php\/contacto\/\u00bb button_text=\u00bbHablemos\u00bb button_alignment=\u00bbright\u00bb _builder_version=\u00bb4.4.8&#8243; custom_button=\u00bbon\u00bb button_text_size=\u00bb19px\u00bb button_text_color=\u00bb#ffffff\u00bb button_bg_color=\u00bb#94D7C8&#8243; button_border_radius=\u00bb0px\u00bb button_icon=\u00bb%%3%%\u00bb custom_padding=\u00bb0.5%|4%|0.5%|4%|false|false\u00bb locked=\u00bboff\u00bb][\/et_pb_button][et_pb_text _builder_version=\u00bb4.3.4&#8243; text_font=\u00bbMontserrat||||||||\u00bb text_text_color=\u00bb#ffffff\u00bb text_font_size=\u00bb16px\u00bb text_orientation=\u00bbright\u00bb custom_margin=\u00bb||2%||false|false\u00bb]<\/p>\n<p>S\u00edguenos en redes sociales:<\/p>\n<p>[\/et_pb_text][et_pb_social_media_follow _builder_version=\u00bb4.4.8&#8243; custom_button=\u00bbon\u00bb text_orientation=\u00bbright\u00bb width=\u00bb100%\u00bb max_width=\u00bb100%\u00bb custom_margin=\u00bb0px||0px||false|false\u00bb custom_padding=\u00bb0px|0px|0px|0px|false|false\u00bb][et_pb_social_media_follow_network social_network=\u00bbtwitter\u00bb url=\u00bbhttps:\/\/twitter.com\/MariaAnguitag\u00bb _builder_version=\u00bb4.4.8&#8243; background_color=\u00bb#94D7C8&#8243; background_enable_color=\u00bbon\u00bb custom_margin=\u00bb0px|0px|0px|0px|false|false\u00bb custom_padding=\u00bb0px|0px|0px|0px|false|false\u00bb follow_button=\u00bboff\u00bb url_new_window=\u00bbon\u00bb]twitter[\/et_pb_social_media_follow_network][et_pb_social_media_follow_network social_network=\u00bbskype\u00bb _builder_version=\u00bb4.3.4&#8243; background_color=\u00bb#94D7C8&#8243; background_enable_color=\u00bbon\u00bb follow_button=\u00bboff\u00bb url_new_window=\u00bbon\u00bb]skype[\/et_pb_social_media_follow_network][et_pb_social_media_follow_network social_network=\u00bblinkedin\u00bb url=\u00bbhttps:\/\/es.linkedin.com\/in\/maria-anguita-garrido-58444099&#8243; _builder_version=\u00bb4.4.8&#8243; background_color=\u00bb#94D7C8&#8243; background_enable_color=\u00bbon\u00bb follow_button=\u00bboff\u00bb url_new_window=\u00bbon\u00bb]linkedin[\/et_pb_social_media_follow_network][\/et_pb_social_media_follow][et_pb_text _builder_version=\u00bb4.4.8&#8243; text_font=\u00bbMontserrat|300|||||||\u00bb text_text_color=\u00bb#ffffff\u00bb text_orientation=\u00bbright\u00bb link_option_url=\u00bbhttps:\/\/lusitanaabogados.com\/index.php\/politica-de-privacidad-y-cookies\/\u00bb]<\/p>\n<p>Pol\u00edtica de Privacidad | Cookies | Aviso legal<\/p>\n<p>[\/et_pb_text][\/et_pb_column][\/et_pb_row][\/et_pb_section]<\/p>\n","protected":false},"excerpt":{"rendered":"<p>[et_pb_section fb_built=\u00bb1&#8243; _builder_version=\u00bb4.3.4&#8243; background_enable_color=\u00bboff\u00bb background_image=\u00bbhttps:\/\/lusitanaabogados.com\/wp-content\/uploads\/2020\/06\/QUIENES-SOMOS2@2x-scaled.jpg\u00bb border_width_top=\u00bb6px\u00bb border_color_top=\u00bb#94D7C8&#8243; locked=\u00bboff\u00bb][et_pb_row _builder_version=\u00bb4.3.4&#8243; custom_margin=\u00bb3%||3%||false|false\u00bb][et_pb_column type=\u00bb4_4&#8243; _builder_version=\u00bb4.3.4&#8243;][et_pb_text _builder_version=\u00bb4.3.4&#8243; header_font=\u00bbPlayfair Display|700|||||||\u00bb header_text_color=\u00bb#ffffff\u00bb header_font_size=\u00bb50px\u00bb header_line_height=\u00bb1.2em\u00bb header_font_size_tablet=\u00bb40px\u00bb header_font_size_phone=\u00bb\u00bb header_font_size_last_edited=\u00bbon|tablet\u00bb] Qui\u00e9nes somos [\/et_pb_text][\/et_pb_column][\/et_pb_row][\/et_pb_section][et_pb_section fb_built=\u00bb1&#8243; custom_padding_last_edited=\u00bbon|phone\u00bb _builder_version=\u00bb4.3.4&#8243; custom_margin=\u00bb||||false|false\u00bb custom_margin_tablet=\u00bb\u00bb custom_margin_phone=\u00bb\u00bb custom_margin_last_edited=\u00bbon|phone\u00bb custom_padding=\u00bb0px||||false|false\u00bb custom_padding_tablet=\u00bb\u00bb custom_padding_phone=\u00bb2%||2%||false|false\u00bb][et_pb_row custom_padding_last_edited=\u00bbon|tablet\u00bb _builder_version=\u00bb4.3.4&#8243; custom_margin=\u00bb0px||||false|false\u00bb custom_margin_tablet=\u00bb||0px||false|false\u00bb custom_margin_phone=\u00bb\u00bb custom_margin_last_edited=\u00bbon|tablet\u00bb custom_padding_tablet=\u00bb||0px||false|false\u00bb custom_padding_phone=\u00bb\u00bb][et_pb_column type=\u00bb4_4&#8243; _builder_version=\u00bb4.3.4&#8243;][et_pb_text _builder_version=\u00bb4.4.8&#8243; text_font=\u00bbMontserrat||||||||\u00bb text_text_color=\u00bb#007077&#8243; text_font_size=\u00bb16px\u00bb text_orientation=\u00bbcenter\u00bb width=\u00bb89%\u00bb width_tablet=\u00bb100%\u00bb width_phone=\u00bb\u00bb width_last_edited=\u00bbon|desktop\u00bb module_alignment=\u00bbcenter\u00bb custom_padding=\u00bb2%|0px|2%|0px|false|false\u00bb [&hellip;]<\/p>\n","protected":false},"author":1,"featured_media":0,"parent":0,"menu_order":0,"comment_status":"closed","ping_status":"closed","template":"","meta":{"_et_pb_use_builder":"on","_et_pb_old_content":"","_et_gb_content_width":""},"yoast_head":"<!-- This site is optimized with the Yoast SEO plugin v15.5 - https:\/\/yoast.com\/wordpress\/plugins\/seo\/ -->\n<title>Qui\u00e9nes somos - Lusitana abogados<\/title>\n<meta name=\"description\" content=\"Lusitana Abogados es un despacho con m\u00e1s de veinte a\u00f1os de experiencia en el ejercicio profesional en las \u00e1reas de derecho de familia, penal y laboral.\" \/>\n<meta name=\"robots\" content=\"index, follow, max-snippet:-1, max-image-preview:large, max-video-preview:-1\" \/>\n<link rel=\"canonical\" href=\"https:\/\/lusitanaabogados.com\/index.php\/quienes-somos\/\" \/>\n<meta property=\"og:locale\" content=\"es_ES\" \/>\n<meta property=\"og:type\" content=\"article\" \/>\n<meta property=\"og:title\" content=\"Qui\u00e9nes somos - Lusitana abogados\" \/>\n<meta property=\"og:description\" content=\"Lusitana Abogados es un despacho con m\u00e1s de veinte a\u00f1os de experiencia en el ejercicio profesional en las \u00e1reas de derecho de familia, penal y laboral.\" \/>\n<meta property=\"og:url\" content=\"https:\/\/lusitanaabogados.com\/index.php\/quienes-somos\/\" \/>\n<meta property=\"og:site_name\" content=\"Lusitana abogados\" \/>\n<meta property=\"article:modified_time\" content=\"2020-06-30T07:30:27+00:00\" \/>\n<meta name=\"twitter:card\" content=\"summary_large_image\" \/>\n<meta name=\"twitter:label1\" content=\"Tiempo de lectura\">\n\t<meta name=\"twitter:data1\" content=\"8 minutos\">\n<script type=\"application\/ld+json\" class=\"yoast-schema-graph\">{\"@context\":\"https:\/\/schema.org\",\"@graph\":[{\"@type\":[\"Person\",\"Organization\"],\"@id\":\"https:\/\/lusitanaabogados.com\/#\/schema\/person\/a2ee4706acbc9e792a97442faa262481\",\"name\":\"anguitagarrido@gmail.com\",\"image\":{\"@type\":\"ImageObject\",\"@id\":\"https:\/\/lusitanaabogados.com\/#personlogo\",\"inLanguage\":\"es\",\"url\":\"https:\/\/secure.gravatar.com\/avatar\/745bc33990f53393901400f3eba535c9?s=96&d=mm&r=g\",\"caption\":\"anguitagarrido@gmail.com\"},\"logo\":{\"@id\":\"https:\/\/lusitanaabogados.com\/#personlogo\"},\"sameAs\":[\"http:\/\/agmaabogados.com\"]},{\"@type\":\"WebSite\",\"@id\":\"https:\/\/lusitanaabogados.com\/#website\",\"url\":\"https:\/\/lusitanaabogados.com\/\",\"name\":\"Lusitana abogados\",\"description\":\"Mar\\u00eda Anguita Garrido\",\"publisher\":{\"@id\":\"https:\/\/lusitanaabogados.com\/#\/schema\/person\/a2ee4706acbc9e792a97442faa262481\"},\"potentialAction\":[{\"@type\":\"SearchAction\",\"target\":\"https:\/\/lusitanaabogados.com\/?s={search_term_string}\",\"query-input\":\"required name=search_term_string\"}],\"inLanguage\":\"es\"},{\"@type\":\"WebPage\",\"@id\":\"https:\/\/lusitanaabogados.com\/index.php\/quienes-somos\/#webpage\",\"url\":\"https:\/\/lusitanaabogados.com\/index.php\/quienes-somos\/\",\"name\":\"Qui\\u00e9nes somos - Lusitana abogados\",\"isPartOf\":{\"@id\":\"https:\/\/lusitanaabogados.com\/#website\"},\"datePublished\":\"2020-06-08T09:21:47+00:00\",\"dateModified\":\"2020-06-30T07:30:27+00:00\",\"description\":\"Lusitana Abogados es un despacho con m\\u00e1s de veinte a\\u00f1os de experiencia en el ejercicio profesional en las \\u00e1reas de derecho de familia, penal y laboral.\",\"inLanguage\":\"es\",\"potentialAction\":[{\"@type\":\"ReadAction\",\"target\":[\"https:\/\/lusitanaabogados.com\/index.php\/quienes-somos\/\"]}]}]}<\/script>\n<!-- \/ Yoast SEO plugin. -->","_links":{"self":[{"href":"https:\/\/lusitanaabogados.com\/index.php\/wp-json\/wp\/v2\/pages\/48"}],"collection":[{"href":"https:\/\/lusitanaabogados.com\/index.php\/wp-json\/wp\/v2\/pages"}],"about":[{"href":"https:\/\/lusitanaabogados.com\/index.php\/wp-json\/wp\/v2\/types\/page"}],"author":[{"embeddable":true,"href":"https:\/\/lusitanaabogados.com\/index.php\/wp-json\/wp\/v2\/users\/1"}],"replies":[{"embeddable":true,"href":"https:\/\/lusitanaabogados.com\/index.php\/wp-json\/wp\/v2\/comments?post=48"}],"version-history":[{"count":23,"href":"https:\/\/lusitanaabogados.com\/index.php\/wp-json\/wp\/v2\/pages\/48\/revisions"}],"predecessor-version":[{"id":1028,"href":"https:\/\/lusitanaabogados.com\/index.php\/wp-json\/wp\/v2\/pages\/48\/revisions\/1028"}],"wp:attachment":[{"href":"https:\/\/lusitanaabogados.com\/index.php\/wp-json\/wp\/v2\/media?parent=48"}],"curies":[{"name":"wp","href":"https:\/\/api.w.org\/{rel}","templated":true}]}}