{"id":54,"date":"2020-06-08T09:22:44","date_gmt":"2020-06-08T09:22:44","guid":{"rendered":"http:\/\/agmaabogados.com\/?page_id=54"},"modified":"2020-06-22T06:46:25","modified_gmt":"2020-06-22T06:46:25","slug":"actualidad","status":"publish","type":"page","link":"https:\/\/lusitanaabogados.com\/index.php\/actualidad\/","title":{"rendered":"Actualidad"},"content":{"rendered":"<p>[et_pb_section fb_built=\u00bb1&#8243; _builder_version=\u00bb4.3.4&#8243; background_enable_color=\u00bboff\u00bb background_image=\u00bbhttps:\/\/lusitanaabogados.com\/wp-content\/uploads\/2020\/06\/ACTUALIDAD-scaled.jpg\u00bb border_width_top=\u00bb6px\u00bb border_color_top=\u00bb#94D7C8&#8243; locked=\u00bboff\u00bb][et_pb_row _builder_version=\u00bb4.3.4&#8243; custom_margin=\u00bb3%||3%||false|false\u00bb][et_pb_column type=\u00bb4_4&#8243; _builder_version=\u00bb4.3.4&#8243;][et_pb_text _builder_version=\u00bb4.3.4&#8243; header_font=\u00bbPlayfair Display|700|||||||\u00bb header_text_color=\u00bb#ffffff\u00bb header_font_size=\u00bb50px\u00bb header_line_height=\u00bb1.2em\u00bb]<\/p>\n<h1 style=\"text-align: center;\">Actualidad<\/h1>\n<p>[\/et_pb_text][\/et_pb_column][\/et_pb_row][\/et_pb_section][et_pb_section fb_built=\u00bb1&#8243; _builder_version=\u00bb4.3.4&#8243;][et_pb_row use_custom_gutter=\u00bbon\u00bb gutter_width=\u00bb1&#8243; _builder_version=\u00bb4.3.4&#8243;][et_pb_column type=\u00bb4_4&#8243; _builder_version=\u00bb4.3.4&#8243;][et_pb_blog fullwidth=\u00bboff\u00bb excerpt_length=\u00bb100&#8243; show_more=\u00bbon\u00bb show_author=\u00bboff\u00bb show_categories=\u00bboff\u00bb show_pagination=\u00bboff\u00bb _builder_version=\u00bb4.3.4&#8243; header_font=\u00bbMontserrat||||||||\u00bb header_text_color=\u00bb#007077&#8243; meta_font=\u00bbMontserrat||||||||\u00bb box_shadow_style=\u00bbpreset4&#8243; box_shadow_color=\u00bb#94D7C8&#8243;][\/et_pb_blog][\/et_pb_column][\/et_pb_row][\/et_pb_section][et_pb_section fb_built=\u00bb1&#8243; disabled_on=\u00bboff|on|on\u00bb _builder_version=\u00bb4.3.4&#8243; background_color=\u00bb#007077&#8243; border_width_top=\u00bb5px\u00bb border_color_top=\u00bb#94D7C8&#8243; global_module=\u00bb916&#8243;][et_pb_row _builder_version=\u00bb4.3.4&#8243; width=\u00bb90%\u00bb custom_margin=\u00bb0px||0px||false|false\u00bb custom_padding=\u00bb0px||0px||false|false\u00bb][et_pb_column type=\u00bb4_4&#8243; _builder_version=\u00bb4.3.4&#8243;][et_pb_image src=\u00bbhttps:\/\/lusitanaabogados.com\/wp-content\/uploads\/2020\/06\/Grupo-48@2x.png\u00bb align=\u00bbcenter\u00bb _builder_version=\u00bb4.3.4&#8243; width=\u00bb30%\u00bb custom_margin_tablet=\u00bb\u00bb custom_margin_phone=\u00bb0px||0px||false|false\u00bb custom_margin_last_edited=\u00bbon|phone\u00bb custom_padding_tablet=\u00bb\u00bb custom_padding_phone=\u00bb0px||0px||false|false\u00bb custom_padding_last_edited=\u00bbon|phone\u00bb][\/et_pb_image][et_pb_text _builder_version=\u00bb4.3.4&#8243; text_font=\u00bbMontserrat||||||||\u00bb text_text_color=\u00bb#ffffff\u00bb text_orientation=\u00bbcenter\u00bb custom_margin=\u00bb4%||4%||false|false\u00bb]<\/p>\n<p>Villa Lusitana n\u00ba27, Bajo A<br \/> 28025, Madrid<br \/> 678527920<\/p>\n<p>[\/et_pb_text][et_pb_button button_url=\u00bbhttps:\/\/lusitanaabogados.com\/index.php\/contacto\/\u00bb button_text=\u00bbHablemos\u00bb button_alignment=\u00bbcenter\u00bb _builder_version=\u00bb4.3.4&#8243; custom_button=\u00bbon\u00bb button_text_size=\u00bb19px\u00bb button_text_color=\u00bb#ffffff\u00bb button_bg_color=\u00bb#94D7C8&#8243; button_border_radius=\u00bb0px\u00bb button_icon=\u00bb%%3%%\u00bb custom_padding=\u00bb0.5%|4%|0.5%|4%|false|false\u00bb][\/et_pb_button][et_pb_text _builder_version=\u00bb4.3.4&#8243; text_font=\u00bbMontserrat||||||||\u00bb text_text_color=\u00bb#ffffff\u00bb text_orientation=\u00bbcenter\u00bb]<\/p>\n<p>S\u00edguenos en redes sociales:<\/p>\n<p>[\/et_pb_text][et_pb_social_media_follow _builder_version=\u00bb4.3.4&#8243; custom_button=\u00bbon\u00bb text_orientation=\u00bbcenter\u00bb width=\u00bb100%\u00bb max_width=\u00bb100%\u00bb custom_margin=\u00bb0px||0px||false|false\u00bb custom_padding=\u00bb0px|0px|0px|0px|false|false\u00bb][et_pb_social_media_follow_network social_network=\u00bbtwitter\u00bb _builder_version=\u00bb4.3.4&#8243; background_color=\u00bb#94D7C8&#8243; background_enable_color=\u00bbon\u00bb custom_margin=\u00bb0px|0px|0px|0px|false|false\u00bb custom_padding=\u00bb0px|0px|0px|0px|false|false\u00bb follow_button=\u00bboff\u00bb url_new_window=\u00bbon\u00bb]twitter[\/et_pb_social_media_follow_network][et_pb_social_media_follow_network social_network=\u00bbskype\u00bb _builder_version=\u00bb4.3.4&#8243; background_color=\u00bb#94D7C8&#8243; background_enable_color=\u00bbon\u00bb custom_margin=\u00bb0px|0px|0px|0px|false|false\u00bb custom_padding=\u00bb0px|0px|0px|0px|false|false\u00bb follow_button=\u00bboff\u00bb url_new_window=\u00bbon\u00bb]skype[\/et_pb_social_media_follow_network][et_pb_social_media_follow_network social_network=\u00bblinkedin\u00bb _builder_version=\u00bb4.3.4&#8243; background_color=\u00bb#94D7C8&#8243; background_enable_color=\u00bbon\u00bb custom_margin=\u00bb0px|0px|0px|0px|false|false\u00bb custom_padding=\u00bb0px|0px|0px|0px|false|false\u00bb follow_button=\u00bboff\u00bb url_new_window=\u00bbon\u00bb]linkedin[\/et_pb_social_media_follow_network][\/et_pb_social_media_follow][et_pb_text _builder_version=\u00bb4.3.4&#8243; text_font=\u00bbMontserrat||||||||\u00bb text_text_color=\u00bb#ffffff\u00bb text_orientation=\u00bbcenter\u00bb custom_margin=\u00bb7%||||false|false\u00bb]<\/p>\n<p>Pol\u00edtica de Privacidad | Cookies | Aviso legal<\/p>\n<p>[\/et_pb_text][\/et_pb_column][\/et_pb_row][\/et_pb_section][et_pb_section fb_built=\u00bb1&#8243; disabled_on=\u00bbon|off|off\u00bb module_class=\u00bbbloquear-responsive\u00bb _builder_version=\u00bb4.3.4&#8243; background_color=\u00bb#007077&#8243; border_width_top=\u00bb5px\u00bb border_color_top=\u00bb#94D7C8&#8243; global_module=\u00bb65&#8243; saved_tabs=\u00bball\u00bb][et_pb_row column_structure=\u00bb1_2,1_2&#8243; _builder_version=\u00bb4.3.4&#8243; width_tablet=\u00bb90%\u00bb width_phone=\u00bb\u00bb width_last_edited=\u00bbon|tablet\u00bb][et_pb_column type=\u00bb1_2&#8243; _builder_version=\u00bb4.3.4&#8243;][et_pb_image src=\u00bbhttp:\/\/agmaabogados.com\/wp-content\/uploads\/2020\/06\/Grupo-48@2x.png\u00bb _builder_version=\u00bb4.3.4&#8243; width=\u00bb30%\u00bb width_tablet=\u00bb25%\u00bb width_phone=\u00bb\u00bb width_last_edited=\u00bbon|tablet\u00bb custom_padding=\u00bb||||false|false\u00bb][\/et_pb_image][et_pb_text _builder_version=\u00bb4.3.4&#8243; text_font=\u00bbMontserrat||||||||\u00bb text_text_color=\u00bb#ffffff\u00bb text_font_size=\u00bb16px\u00bb]<\/p>\n<p>Villa Lusitana n\u00ba27, Bajo A<br \/> 28025, Madrid<br \/> 678527920<\/p>\n<p>[\/et_pb_text][\/et_pb_column][et_pb_column type=\u00bb1_2&#8243; _builder_version=\u00bb4.3.4&#8243;][et_pb_button button_url=\u00bbhttps:\/\/lusitanaabogados.com\/index.php\/contacto\/\u00bb button_text=\u00bbHablemos\u00bb button_alignment=\u00bbright\u00bb _builder_version=\u00bb4.3.4&#8243; custom_button=\u00bbon\u00bb button_text_size=\u00bb19px\u00bb button_text_color=\u00bb#ffffff\u00bb button_bg_color=\u00bb#94D7C8&#8243; button_border_radius=\u00bb0px\u00bb button_icon=\u00bb%%3%%\u00bb custom_padding=\u00bb0.5%|4%|0.5%|4%|false|false\u00bb locked=\u00bboff\u00bb][\/et_pb_button][et_pb_text _builder_version=\u00bb4.3.4&#8243; text_font=\u00bbMontserrat||||||||\u00bb text_text_color=\u00bb#ffffff\u00bb text_font_size=\u00bb16px\u00bb text_orientation=\u00bbright\u00bb custom_margin=\u00bb||2%||false|false\u00bb]<\/p>\n<p>S\u00edguenos en redes sociales:<\/p>\n<p>[\/et_pb_text][et_pb_social_media_follow _builder_version=\u00bb4.3.4&#8243; custom_button=\u00bbon\u00bb text_orientation=\u00bbright\u00bb width=\u00bb100%\u00bb max_width=\u00bb100%\u00bb custom_margin=\u00bb0px||0px||false|false\u00bb custom_padding=\u00bb0px|0px|0px|0px|false|false\u00bb][et_pb_social_media_follow_network social_network=\u00bbtwitter\u00bb _builder_version=\u00bb4.3.4&#8243; background_color=\u00bb#94D7C8&#8243; background_enable_color=\u00bbon\u00bb custom_margin=\u00bb0px|0px|0px|0px|false|false\u00bb custom_padding=\u00bb0px|0px|0px|0px|false|false\u00bb follow_button=\u00bboff\u00bb url_new_window=\u00bbon\u00bb]twitter[\/et_pb_social_media_follow_network][et_pb_social_media_follow_network social_network=\u00bbskype\u00bb _builder_version=\u00bb4.3.4&#8243; background_color=\u00bb#94D7C8&#8243; background_enable_color=\u00bbon\u00bb follow_button=\u00bboff\u00bb url_new_window=\u00bbon\u00bb]skype[\/et_pb_social_media_follow_network][et_pb_social_media_follow_network social_network=\u00bblinkedin\u00bb _builder_version=\u00bb4.3.4&#8243; background_color=\u00bb#94D7C8&#8243; background_enable_color=\u00bbon\u00bb follow_button=\u00bboff\u00bb url_new_window=\u00bbon\u00bb]linkedin[\/et_pb_social_media_follow_network][\/et_pb_social_media_follow][et_pb_text _builder_version=\u00bb4.3.4&#8243; text_font=\u00bbMontserrat|300|||||||\u00bb text_text_color=\u00bb#ffffff\u00bb text_orientation=\u00bbright\u00bb]<\/p>\n<p>Pol\u00edtica de Privacidad | Cookies | Aviso legal<\/p>\n<p>[\/et_pb_text][\/et_pb_column][\/et_pb_row][\/et_pb_section]<\/p>\n","protected":false},"excerpt":{"rendered":"<p>[et_pb_section fb_built=\u00bb1&#8243; _builder_version=\u00bb4.3.4&#8243; background_enable_color=\u00bboff\u00bb background_image=\u00bbhttps:\/\/lusitanaabogados.com\/wp-content\/uploads\/2020\/06\/ACTUALIDAD-scaled.jpg\u00bb border_width_top=\u00bb6px\u00bb border_color_top=\u00bb#94D7C8&#8243; locked=\u00bboff\u00bb][et_pb_row _builder_version=\u00bb4.3.4&#8243; custom_margin=\u00bb3%||3%||false|false\u00bb][et_pb_column type=\u00bb4_4&#8243; _builder_version=\u00bb4.3.4&#8243;][et_pb_text _builder_version=\u00bb4.3.4&#8243; header_font=\u00bbPlayfair Display|700|||||||\u00bb header_text_color=\u00bb#ffffff\u00bb header_font_size=\u00bb50px\u00bb header_line_height=\u00bb1.2em\u00bb] Actualidad [\/et_pb_text][\/et_pb_column][\/et_pb_row][\/et_pb_section][et_pb_section fb_built=\u00bb1&#8243; _builder_version=\u00bb4.3.4&#8243;][et_pb_row use_custom_gutter=\u00bbon\u00bb gutter_width=\u00bb1&#8243; _builder_version=\u00bb4.3.4&#8243;][et_pb_column type=\u00bb4_4&#8243; _builder_version=\u00bb4.3.4&#8243;][et_pb_blog fullwidth=\u00bboff\u00bb excerpt_length=\u00bb100&#8243; show_more=\u00bbon\u00bb show_author=\u00bboff\u00bb show_categories=\u00bboff\u00bb show_pagination=\u00bboff\u00bb _builder_version=\u00bb4.3.4&#8243; header_font=\u00bbMontserrat||||||||\u00bb header_text_color=\u00bb#007077&#8243; meta_font=\u00bbMontserrat||||||||\u00bb box_shadow_style=\u00bbpreset4&#8243; box_shadow_color=\u00bb#94D7C8&#8243;][\/et_pb_blog][\/et_pb_column][\/et_pb_row][\/et_pb_section][et_pb_section fb_built=\u00bb1&#8243; disabled_on=\u00bboff|on|on\u00bb _builder_version=\u00bb4.3.4&#8243; background_color=\u00bb#007077&#8243; border_width_top=\u00bb5px\u00bb border_color_top=\u00bb#94D7C8&#8243; global_module=\u00bb916&#8243;][et_pb_row _builder_version=\u00bb4.3.4&#8243; width=\u00bb90%\u00bb custom_margin=\u00bb0px||0px||false|false\u00bb custom_padding=\u00bb0px||0px||false|false\u00bb][et_pb_column type=\u00bb4_4&#8243; _builder_version=\u00bb4.3.4&#8243;][et_pb_image src=\u00bbhttps:\/\/lusitanaabogados.com\/wp-content\/uploads\/2020\/06\/Grupo-48@2x.png\u00bb align=\u00bbcenter\u00bb _builder_version=\u00bb4.3.4&#8243; [&hellip;]<\/p>\n","protected":false},"author":1,"featured_media":0,"parent":0,"menu_order":0,"comment_status":"closed","ping_status":"closed","template":"","meta":{"_et_pb_use_builder":"on","_et_pb_old_content":"","_et_gb_content_width":""},"yoast_head":"<!-- This site is optimized with the Yoast SEO plugin v15.5 - https:\/\/yoast.com\/wordpress\/plugins\/seo\/ -->\n<title>Actualidad - Lusitana abogados<\/title>\n<meta name=\"description\" content=\"Lusitana Abogados es un despacho con m\u00e1s de veinte a\u00f1os de experiencia en el ejercicio profesional en las \u00e1reas de derecho de familia, penal y laboral.\" \/>\n<meta name=\"robots\" content=\"index, follow, max-snippet:-1, max-image-preview:large, max-video-preview:-1\" \/>\n<link rel=\"canonical\" href=\"https:\/\/lusitanaabogados.com\/index.php\/actualidad\/\" \/>\n<meta property=\"og:locale\" content=\"es_ES\" \/>\n<meta property=\"og:type\" content=\"article\" \/>\n<meta property=\"og:title\" content=\"Actualidad - Lusitana abogados\" \/>\n<meta property=\"og:description\" content=\"Lusitana Abogados es un despacho con m\u00e1s de veinte a\u00f1os de experiencia en el ejercicio profesional en las \u00e1reas de derecho de familia, penal y laboral.\" \/>\n<meta property=\"og:url\" content=\"https:\/\/lusitanaabogados.com\/index.php\/actualidad\/\" \/>\n<meta property=\"og:site_name\" content=\"Lusitana abogados\" \/>\n<meta property=\"article:modified_time\" content=\"2020-06-22T06:46:25+00:00\" \/>\n<meta name=\"twitter:card\" content=\"summary_large_image\" \/>\n<meta name=\"twitter:label1\" content=\"Tiempo de lectura\">\n\t<meta name=\"twitter:data1\" content=\"4 minutos\">\n<script type=\"application\/ld+json\" class=\"yoast-schema-graph\">{\"@context\":\"https:\/\/schema.org\",\"@graph\":[{\"@type\":[\"Person\",\"Organization\"],\"@id\":\"https:\/\/lusitanaabogados.com\/#\/schema\/person\/a2ee4706acbc9e792a97442faa262481\",\"name\":\"anguitagarrido@gmail.com\",\"image\":{\"@type\":\"ImageObject\",\"@id\":\"https:\/\/lusitanaabogados.com\/#personlogo\",\"inLanguage\":\"es\",\"url\":\"https:\/\/secure.gravatar.com\/avatar\/745bc33990f53393901400f3eba535c9?s=96&d=mm&r=g\",\"caption\":\"anguitagarrido@gmail.com\"},\"logo\":{\"@id\":\"https:\/\/lusitanaabogados.com\/#personlogo\"},\"sameAs\":[\"http:\/\/agmaabogados.com\"]},{\"@type\":\"WebSite\",\"@id\":\"https:\/\/lusitanaabogados.com\/#website\",\"url\":\"https:\/\/lusitanaabogados.com\/\",\"name\":\"Lusitana abogados\",\"description\":\"Mar\\u00eda Anguita Garrido\",\"publisher\":{\"@id\":\"https:\/\/lusitanaabogados.com\/#\/schema\/person\/a2ee4706acbc9e792a97442faa262481\"},\"potentialAction\":[{\"@type\":\"SearchAction\",\"target\":\"https:\/\/lusitanaabogados.com\/?s={search_term_string}\",\"query-input\":\"required name=search_term_string\"}],\"inLanguage\":\"es\"},{\"@type\":\"WebPage\",\"@id\":\"https:\/\/lusitanaabogados.com\/index.php\/actualidad\/#webpage\",\"url\":\"https:\/\/lusitanaabogados.com\/index.php\/actualidad\/\",\"name\":\"Actualidad - Lusitana abogados\",\"isPartOf\":{\"@id\":\"https:\/\/lusitanaabogados.com\/#website\"},\"datePublished\":\"2020-06-08T09:22:44+00:00\",\"dateModified\":\"2020-06-22T06:46:25+00:00\",\"description\":\"Lusitana Abogados es un despacho con m\\u00e1s de veinte a\\u00f1os de experiencia en el ejercicio profesional en las \\u00e1reas de derecho de familia, penal y laboral.\",\"inLanguage\":\"es\",\"potentialAction\":[{\"@type\":\"ReadAction\",\"target\":[\"https:\/\/lusitanaabogados.com\/index.php\/actualidad\/\"]}]}]}<\/script>\n<!-- \/ Yoast SEO plugin. -->","_links":{"self":[{"href":"https:\/\/lusitanaabogados.com\/index.php\/wp-json\/wp\/v2\/pages\/54"}],"collection":[{"href":"https:\/\/lusitanaabogados.com\/index.php\/wp-json\/wp\/v2\/pages"}],"about":[{"href":"https:\/\/lusitanaabogados.com\/index.php\/wp-json\/wp\/v2\/types\/page"}],"author":[{"embeddable":true,"href":"https:\/\/lusitanaabogados.com\/index.php\/wp-json\/wp\/v2\/users\/1"}],"replies":[{"embeddable":true,"href":"https:\/\/lusitanaabogados.com\/index.php\/wp-json\/wp\/v2\/comments?post=54"}],"version-history":[{"count":13,"href":"https:\/\/lusitanaabogados.com\/index.php\/wp-json\/wp\/v2\/pages\/54\/revisions"}],"predecessor-version":[{"id":933,"href":"https:\/\/lusitanaabogados.com\/index.php\/wp-json\/wp\/v2\/pages\/54\/revisions\/933"}],"wp:attachment":[{"href":"https:\/\/lusitanaabogados.com\/index.php\/wp-json\/wp\/v2\/media?parent=54"}],"curies":[{"name":"wp","href":"https:\/\/api.w.org\/{rel}","templated":true}]}}